{"id":1238,"date":"2024-04-06T21:31:11","date_gmt":"2024-04-06T21:31:11","guid":{"rendered":"https:\/\/argoalmacenadora.com.mx\/family-law\/"},"modified":"2025-10-18T19:27:37","modified_gmt":"2025-10-18T19:27:37","slug":"entidades-financieras","status":"publish","type":"page","link":"https:\/\/argoalmacenadora.com.mx\/en\/entidades-financieras\/","title":{"rendered":"Bureau of Financial Institutions"},"content":{"rendered":"<div data-elementor-type=\"wp-post\" data-elementor-id=\"1238\" class=\"elementor elementor-1238\" data-elementor-post-type=\"page\">\n\t\t\t\t\t\t<section class=\"elementor-section elementor-top-section elementor-element elementor-element-7a53df2d elementor-section-height-min-height elementor-section-boxed elementor-section-height-default elementor-section-items-middle\" data-id=\"7a53df2d\" data-element_type=\"section\" data-e-type=\"section\" data-settings=\"{&quot;background_background&quot;:&quot;classic&quot;}\">\n\t\t\t\t\t\t<div class=\"elementor-container elementor-column-gap-default\">\n\t\t\t\t\t<div class=\"elementor-column elementor-col-100 elementor-top-column elementor-element elementor-element-25440c7\" data-id=\"25440c7\" data-element_type=\"column\" data-e-type=\"column\">\n\t\t\t<div class=\"elementor-widget-wrap elementor-element-populated\">\n\t\t\t\t\t\t<div class=\"elementor-element elementor-element-68364ac elementor-widget elementor-widget-spacer\" data-id=\"68364ac\" data-element_type=\"widget\" data-e-type=\"widget\" data-widget_type=\"spacer.default\">\n\t\t\t\t<div class=\"elementor-widget-container\">\n\t\t\t\t\t\t\t<div class=\"elementor-spacer\">\n\t\t\t<div class=\"elementor-spacer-inner\"><\/div>\n\t\t<\/div>\n\t\t\t\t\t\t<\/div>\n\t\t\t\t<\/div>\n\t\t\t\t<div class=\"elementor-element elementor-element-4030a6dd elementor-widget elementor-widget-text-editor\" data-id=\"4030a6dd\" data-element_type=\"widget\" data-e-type=\"widget\" data-widget_type=\"text-editor.default\">\n\t\t\t\t<div class=\"elementor-widget-container\">\n\t\t\t\t\t\t\t\t\t<p>General Warehouse<\/p>\t\t\t\t\t\t\t\t<\/div>\n\t\t\t\t<\/div>\n\t\t\t\t<div class=\"elementor-element elementor-element-7f1832e5 elementor-widget elementor-widget-heading\" data-id=\"7f1832e5\" data-element_type=\"widget\" data-e-type=\"widget\" data-widget_type=\"heading.default\">\n\t\t\t\t<div class=\"elementor-widget-container\">\n\t\t\t\t\t<h1 class=\"elementor-heading-title elementor-size-default\"><b>Bureau of Financial Institutions<\/b><\/h1>\t\t\t\t<\/div>\n\t\t\t\t<\/div>\n\t\t\t\t<div class=\"elementor-element elementor-element-27c83a2 elementor-widget__width-initial elementor-widget elementor-widget-image\" data-id=\"27c83a2\" data-element_type=\"widget\" data-e-type=\"widget\" data-widget_type=\"image.default\">\n\t\t\t\t<div class=\"elementor-widget-container\">\n\t\t\t\t\t\t\t\t\t\t\t\t\t\t\t<img decoding=\"async\" src=\"https:\/\/argoalmacenadora.com.mx\/wp-content\/uploads\/elementor\/thumbs\/ELEMENTO-LOGO_MUNDO_FONDO-BLANCO_PERFORADO_LISTO-rdqi3liwpd4f9t41412nqxxjncvmir8rarlgpfkoak.png\" title=\"ELEMENTO LOGO_MUNDO_FONDO BLANCO_PERFORADO_LISTO\" alt=\"ELEMENTO LOGO_MUNDO_FONDO BLANCO_PERFORADO_LISTO\" loading=\"lazy\" \/>\t\t\t\t\t\t\t\t\t\t\t\t\t\t\t<\/div>\n\t\t\t\t<\/div>\n\t\t\t\t\t<\/div>\n\t\t<\/div>\n\t\t\t\t\t<\/div>\n\t\t<\/section>\n\t\t\t\t<section class=\"elementor-section elementor-top-section elementor-element elementor-element-1dff4753 elementor-section-boxed elementor-section-height-default elementor-section-height-default\" data-id=\"1dff4753\" data-element_type=\"section\" data-e-type=\"section\">\n\t\t\t\t\t\t<div class=\"elementor-container elementor-column-gap-default\">\n\t\t\t\t\t<div class=\"elementor-column elementor-col-50 elementor-top-column elementor-element elementor-element-36dfe7cd\" data-id=\"36dfe7cd\" data-element_type=\"column\" data-e-type=\"column\">\n\t\t\t<div class=\"elementor-widget-wrap elementor-element-populated\">\n\t\t\t\t\t\t<div class=\"elementor-element elementor-element-684aaace elementor-widget elementor-widget-heading\" data-id=\"684aaace\" data-element_type=\"widget\" data-e-type=\"widget\" data-widget_type=\"heading.default\">\n\t\t\t\t<div class=\"elementor-widget-container\">\n\t\t\t\t\t<h4 class=\"elementor-heading-title elementor-size-default\">ARGO Almacenadora<\/h4>\t\t\t\t<\/div>\n\t\t\t\t<\/div>\n\t\t\t\t<div class=\"elementor-element elementor-element-d845ec6 elementor-widget__width-initial elementor-widget elementor-widget-heading\" data-id=\"d845ec6\" data-element_type=\"widget\" data-e-type=\"widget\" data-widget_type=\"heading.default\">\n\t\t\t\t<div class=\"elementor-widget-container\">\n\t\t\t\t\t<h2 class=\"elementor-heading-title elementor-size-default\">\u00bfQu\u00e9 es<br>el BEF?<\/h2>\t\t\t\t<\/div>\n\t\t\t\t<\/div>\n\t\t\t\t\t<\/div>\n\t\t<\/div>\n\t\t\t\t<div class=\"elementor-column elementor-col-50 elementor-top-column elementor-element elementor-element-6d87269d\" data-id=\"6d87269d\" data-element_type=\"column\" data-e-type=\"column\">\n\t\t\t<div class=\"elementor-widget-wrap elementor-element-populated\">\n\t\t\t\t\t\t<div class=\"elementor-element elementor-element-3ce087eb elementor-widget__width-initial elementor-widget elementor-widget-text-editor\" data-id=\"3ce087eb\" data-element_type=\"widget\" data-e-type=\"widget\" data-widget_type=\"text-editor.default\">\n\t\t\t\t<div class=\"elementor-widget-container\">\n\t\t\t\t\t\t\t\t\t<p>Es una herramienta de consulta y difusi\u00f3n con la que podr\u00e1s conocer los productos que ofrecen las entidades financieras, sus comisiones y tasas, las reclamaciones de los usuarios, las pr\u00e1cticas no sanas en que incurren, las sanciones administrativas que les han impuesto, las cl\u00e1usulas abusivas de sus contratos y otra informaci\u00f3n que resulte relevante para informarte sobre su desempe\u00f1o.<\/p>\t\t\t\t\t\t\t\t<\/div>\n\t\t\t\t<\/div>\n\t\t\t\t\t<\/div>\n\t\t<\/div>\n\t\t\t\t\t<\/div>\n\t\t<\/section>\n\t\t\t\t<section class=\"elementor-section elementor-top-section elementor-element elementor-element-928db5a elementor-section-boxed elementor-section-height-default elementor-section-height-default\" data-id=\"928db5a\" data-element_type=\"section\" data-e-type=\"section\">\n\t\t\t\t\t\t<div class=\"elementor-container elementor-column-gap-default\">\n\t\t\t\t\t<div class=\"elementor-column elementor-col-100 elementor-top-column elementor-element elementor-element-cafbaa0\" data-id=\"cafbaa0\" data-element_type=\"column\" data-e-type=\"column\">\n\t\t\t<div class=\"elementor-widget-wrap elementor-element-populated\">\n\t\t\t\t\t\t<div class=\"elementor-element elementor-element-fcb4dd4 elementor-widget elementor-widget-heading\" data-id=\"fcb4dd4\" data-element_type=\"widget\" data-e-type=\"widget\" data-widget_type=\"heading.default\">\n\t\t\t\t<div class=\"elementor-widget-container\">\n\t\t\t\t\t<h2 class=\"elementor-heading-title elementor-size-default\"><a href=\"http:\/\/www.buro.gob.mx\/sectores.php\" target=\"_blank\">Podr\u00e1s consultar la informaci\u00f3n que consta de Argo Almacenadora S.A. de C.V. en el Bur\u00f3 de Entidades Financieras a trav\u00e9s de este enlace.<\/a><\/h2>\t\t\t\t<\/div>\n\t\t\t\t<\/div>\n\t\t\t\t\t<\/div>\n\t\t<\/div>\n\t\t\t\t\t<\/div>\n\t\t<\/section>\n\t\t\t\t<section class=\"elementor-section elementor-top-section elementor-element elementor-element-5b98ec8d elementor-section-boxed elementor-section-height-default elementor-section-height-default\" data-id=\"5b98ec8d\" data-element_type=\"section\" data-e-type=\"section\" data-settings=\"{&quot;background_background&quot;:&quot;classic&quot;}\">\n\t\t\t\t\t\t<div class=\"elementor-container elementor-column-gap-default\">\n\t\t\t\t\t<div class=\"elementor-column elementor-col-100 elementor-top-column elementor-element elementor-element-2511eed5\" data-id=\"2511eed5\" data-element_type=\"column\" data-e-type=\"column\" data-settings=\"{&quot;background_background&quot;:&quot;classic&quot;}\">\n\t\t\t<div class=\"elementor-widget-wrap elementor-element-populated\">\n\t\t\t\t\t\t<div class=\"elementor-element elementor-element-27503fe3 elementor-widget elementor-widget-heading\" data-id=\"27503fe3\" data-element_type=\"widget\" data-e-type=\"widget\" data-widget_type=\"heading.default\">\n\t\t\t\t<div class=\"elementor-widget-container\">\n\t\t\t\t\t<h2 class=\"elementor-heading-title elementor-size-default\">Informaci\u00f3n de todo el Sector<\/h2>\t\t\t\t<\/div>\n\t\t\t\t<\/div>\n\t\t\t\t<div class=\"elementor-element elementor-element-ba4792c elementor-widget elementor-widget-text-editor\" data-id=\"ba4792c\" data-element_type=\"widget\" data-e-type=\"widget\" data-widget_type=\"text-editor.default\">\n\t\t\t\t<div class=\"elementor-widget-container\">\n\t\t\t\t\t\t\t\t\t<p>Para conocer la informaci\u00f3n de todo el sector, da CLIC en el siguiente bot\u00f3n:<\/p>\t\t\t\t\t\t\t\t<\/div>\n\t\t\t\t<\/div>\n\t\t\t\t<div class=\"elementor-element elementor-element-6758c025 elementor-align-center elementor-widget elementor-widget-button\" data-id=\"6758c025\" data-element_type=\"widget\" data-e-type=\"widget\" data-widget_type=\"button.default\">\n\t\t\t\t<div class=\"elementor-widget-container\">\n\t\t\t\t\t\t\t\t\t<div class=\"elementor-button-wrapper\">\n\t\t\t\t\t<a class=\"elementor-button elementor-button-link elementor-size-md\" href=\"http:\/\/www.buro.gob.mx\">\n\t\t\t\t\t\t<span class=\"elementor-button-content-wrapper\">\n\t\t\t\t\t\t<span class=\"elementor-button-icon\">\n\t\t\t\t<i aria-hidden=\"true\" class=\"fas fa-long-arrow-alt-right\"><\/i>\t\t\t<\/span>\n\t\t\t\t\t\t\t\t\t<span class=\"elementor-button-text\">Consult<\/span>\n\t\t\t\t\t<\/span>\n\t\t\t\t\t<\/a>\n\t\t\t\t<\/div>\n\t\t\t\t\t\t\t\t<\/div>\n\t\t\t\t<\/div>\n\t\t\t\t\t<\/div>\n\t\t<\/div>\n\t\t\t\t\t<\/div>\n\t\t<\/section>\n\t\t\t\t<\/div>","protected":false},"excerpt":{"rendered":"<p>Almac\u00e9n General de Dep\u00f3sito Bur\u00f3 de Entidades Financieras ARGO Almacenadora \u00bfQu\u00e9 esel BEF? Es una herramienta de consulta y difusi\u00f3n con la que podr\u00e1s conocer los productos que ofrecen las entidades financieras, sus comisiones y tasas, las reclamaciones de los usuarios, las pr\u00e1cticas no sanas en que incurren, las sanciones administrativas que les han impuesto,&hellip; <a class=\"more-link\" href=\"https:\/\/argoalmacenadora.com.mx\/en\/entidades-financieras\/\">Continue reading <span class=\"screen-reader-text\">Bureau of Financial Institutions<\/span><\/a><\/p>","protected":false},"author":2,"featured_media":1241,"parent":0,"menu_order":0,"comment_status":"closed","ping_status":"closed","template":"elementor_header_footer","meta":{"footnotes":""},"class_list":["post-1238","page","type-page","status-publish","has-post-thumbnail","hentry","entry"],"yoast_head":"<!-- This site is optimized with the Yoast SEO plugin v27.5 - https:\/\/yoast.com\/product\/yoast-seo-wordpress\/ -->\n<title>Bur\u00f3 de Entidades Financieras - ARGO Almacenadora<\/title>\n<meta name=\"robots\" content=\"index, follow, max-snippet:-1, max-image-preview:large, max-video-preview:-1\" \/>\n<link rel=\"canonical\" href=\"https:\/\/argoalmacenadora.com.mx\/en\/entidades-financieras\/\" \/>\n<meta property=\"og:locale\" content=\"en_US\" \/>\n<meta property=\"og:type\" content=\"article\" \/>\n<meta property=\"og:title\" content=\"Bur\u00f3 de Entidades Financieras - ARGO Almacenadora\" \/>\n<meta property=\"og:description\" content=\"Almac\u00e9n General de Dep\u00f3sito Bur\u00f3 de Entidades Financieras ARGO Almacenadora \u00bfQu\u00e9 esel BEF? Es una herramienta de consulta y difusi\u00f3n con la que podr\u00e1s conocer los productos que ofrecen las entidades financieras, sus comisiones y tasas, las reclamaciones de los usuarios, las pr\u00e1cticas no sanas en que incurren, las sanciones administrativas que les han impuesto,&hellip; Continue reading Bur\u00f3 de Entidades Financieras\" \/>\n<meta property=\"og:url\" content=\"https:\/\/argoalmacenadora.com.mx\/en\/entidades-financieras\/\" \/>\n<meta property=\"og:site_name\" content=\"ARGO Almacenadora\" \/>\n<meta property=\"article:publisher\" content=\"https:\/\/www.facebook.com\/ARGOALMACENADORASADECV\" \/>\n<meta property=\"article:modified_time\" content=\"2025-10-18T19:27:37+00:00\" \/>\n<meta property=\"og:image\" content=\"https:\/\/argoalmacenadora.com.mx\/wp-content\/uploads\/2024\/04\/Single-Service.jpg\" \/>\n\t<meta property=\"og:image:width\" content=\"400\" \/>\n\t<meta property=\"og:image:height\" content=\"380\" \/>\n\t<meta property=\"og:image:type\" content=\"image\/jpeg\" \/>\n<meta name=\"twitter:card\" content=\"summary_large_image\" \/>\n<meta name=\"twitter:label1\" content=\"Est. reading time\" \/>\n\t<meta name=\"twitter:data1\" content=\"1 minute\" \/>\n<script type=\"application\/ld+json\" class=\"yoast-schema-graph\">{\"@context\":\"https:\\\/\\\/schema.org\",\"@graph\":[{\"@type\":\"WebPage\",\"@id\":\"https:\\\/\\\/argoalmacenadora.com.mx\\\/entidades-financieras\\\/\",\"url\":\"https:\\\/\\\/argoalmacenadora.com.mx\\\/entidades-financieras\\\/\",\"name\":\"Bur\u00f3 de Entidades Financieras - ARGO Almacenadora\",\"isPartOf\":{\"@id\":\"https:\\\/\\\/argoalmacenadora.com.mx\\\/#website\"},\"primaryImageOfPage\":{\"@id\":\"https:\\\/\\\/argoalmacenadora.com.mx\\\/entidades-financieras\\\/#primaryimage\"},\"image\":{\"@id\":\"https:\\\/\\\/argoalmacenadora.com.mx\\\/entidades-financieras\\\/#primaryimage\"},\"thumbnailUrl\":\"https:\\\/\\\/argoalmacenadora.com.mx\\\/wp-content\\\/uploads\\\/2024\\\/04\\\/Single-Service.jpg\",\"datePublished\":\"2024-04-06T21:31:11+00:00\",\"dateModified\":\"2025-10-18T19:27:37+00:00\",\"breadcrumb\":{\"@id\":\"https:\\\/\\\/argoalmacenadora.com.mx\\\/entidades-financieras\\\/#breadcrumb\"},\"inLanguage\":\"en-US\",\"potentialAction\":[{\"@type\":\"ReadAction\",\"target\":[\"https:\\\/\\\/argoalmacenadora.com.mx\\\/entidades-financieras\\\/\"]}]},{\"@type\":\"ImageObject\",\"inLanguage\":\"en-US\",\"@id\":\"https:\\\/\\\/argoalmacenadora.com.mx\\\/entidades-financieras\\\/#primaryimage\",\"url\":\"https:\\\/\\\/argoalmacenadora.com.mx\\\/wp-content\\\/uploads\\\/2024\\\/04\\\/Single-Service.jpg\",\"contentUrl\":\"https:\\\/\\\/argoalmacenadora.com.mx\\\/wp-content\\\/uploads\\\/2024\\\/04\\\/Single-Service.jpg\",\"width\":400,\"height\":380},{\"@type\":\"BreadcrumbList\",\"@id\":\"https:\\\/\\\/argoalmacenadora.com.mx\\\/entidades-financieras\\\/#breadcrumb\",\"itemListElement\":[{\"@type\":\"ListItem\",\"position\":1,\"name\":\"Inicio\",\"item\":\"https:\\\/\\\/argoalmacenadora.com.mx\\\/\"},{\"@type\":\"ListItem\",\"position\":2,\"name\":\"Bur\u00f3 de Entidades Financieras\"}]},{\"@type\":\"WebSite\",\"@id\":\"https:\\\/\\\/argoalmacenadora.com.mx\\\/#website\",\"url\":\"https:\\\/\\\/argoalmacenadora.com.mx\\\/\",\"name\":\"ARGO Almacenadora\",\"description\":\"AGD | Dep\u00f3sito Fiscal | Servicios 3PL\",\"publisher\":{\"@id\":\"https:\\\/\\\/argoalmacenadora.com.mx\\\/#organization\"},\"potentialAction\":[{\"@type\":\"SearchAction\",\"target\":{\"@type\":\"EntryPoint\",\"urlTemplate\":\"https:\\\/\\\/argoalmacenadora.com.mx\\\/?s={search_term_string}\"},\"query-input\":{\"@type\":\"PropertyValueSpecification\",\"valueRequired\":true,\"valueName\":\"search_term_string\"}}],\"inLanguage\":\"en-US\"},{\"@type\":\"Organization\",\"@id\":\"https:\\\/\\\/argoalmacenadora.com.mx\\\/#organization\",\"name\":\"ARGO Almacenadora\",\"url\":\"https:\\\/\\\/argoalmacenadora.com.mx\\\/\",\"logo\":{\"@type\":\"ImageObject\",\"inLanguage\":\"en-US\",\"@id\":\"https:\\\/\\\/argoalmacenadora.com.mx\\\/#\\\/schema\\\/logo\\\/image\\\/\",\"url\":\"https:\\\/\\\/argoalmacenadora.com.mx\\\/wp-content\\\/uploads\\\/2024\\\/04\\\/Logotipo-SVG-Azul.svg\",\"contentUrl\":\"https:\\\/\\\/argoalmacenadora.com.mx\\\/wp-content\\\/uploads\\\/2024\\\/04\\\/Logotipo-SVG-Azul.svg\",\"width\":1160,\"height\":914,\"caption\":\"ARGO Almacenadora\"},\"image\":{\"@id\":\"https:\\\/\\\/argoalmacenadora.com.mx\\\/#\\\/schema\\\/logo\\\/image\\\/\"},\"sameAs\":[\"https:\\\/\\\/www.facebook.com\\\/ARGOALMACENADORASADECV\",\"https:\\\/\\\/www.linkedin.com\\\/company\\\/argo-almacenadora-s.a-de-c.v\",\"https:\\\/\\\/www.instagram.com\\\/argo.almacenadoraa\\\/\"]}]}<\/script>\n<!-- \/ Yoast SEO plugin. -->","yoast_head_json":{"title":"Bur\u00f3 de Entidades Financieras - ARGO Almacenadora","robots":{"index":"index","follow":"follow","max-snippet":"max-snippet:-1","max-image-preview":"max-image-preview:large","max-video-preview":"max-video-preview:-1"},"canonical":"https:\/\/argoalmacenadora.com.mx\/en\/entidades-financieras\/","og_locale":"en_US","og_type":"article","og_title":"Bur\u00f3 de Entidades Financieras - ARGO Almacenadora","og_description":"Almac\u00e9n General de Dep\u00f3sito Bur\u00f3 de Entidades Financieras ARGO Almacenadora \u00bfQu\u00e9 esel BEF? Es una herramienta de consulta y difusi\u00f3n con la que podr\u00e1s conocer los productos que ofrecen las entidades financieras, sus comisiones y tasas, las reclamaciones de los usuarios, las pr\u00e1cticas no sanas en que incurren, las sanciones administrativas que les han impuesto,&hellip; Continue reading Bur\u00f3 de Entidades Financieras","og_url":"https:\/\/argoalmacenadora.com.mx\/en\/entidades-financieras\/","og_site_name":"ARGO Almacenadora","article_publisher":"https:\/\/www.facebook.com\/ARGOALMACENADORASADECV","article_modified_time":"2025-10-18T19:27:37+00:00","og_image":[{"width":400,"height":380,"url":"https:\/\/argoalmacenadora.com.mx\/wp-content\/uploads\/2024\/04\/Single-Service.jpg","type":"image\/jpeg"}],"twitter_card":"summary_large_image","twitter_misc":{"Est. reading time":"1 minute"},"schema":{"@context":"https:\/\/schema.org","@graph":[{"@type":"WebPage","@id":"https:\/\/argoalmacenadora.com.mx\/entidades-financieras\/","url":"https:\/\/argoalmacenadora.com.mx\/entidades-financieras\/","name":"Bur\u00f3 de Entidades Financieras - ARGO Almacenadora","isPartOf":{"@id":"https:\/\/argoalmacenadora.com.mx\/#website"},"primaryImageOfPage":{"@id":"https:\/\/argoalmacenadora.com.mx\/entidades-financieras\/#primaryimage"},"image":{"@id":"https:\/\/argoalmacenadora.com.mx\/entidades-financieras\/#primaryimage"},"thumbnailUrl":"https:\/\/argoalmacenadora.com.mx\/wp-content\/uploads\/2024\/04\/Single-Service.jpg","datePublished":"2024-04-06T21:31:11+00:00","dateModified":"2025-10-18T19:27:37+00:00","breadcrumb":{"@id":"https:\/\/argoalmacenadora.com.mx\/entidades-financieras\/#breadcrumb"},"inLanguage":"en-US","potentialAction":[{"@type":"ReadAction","target":["https:\/\/argoalmacenadora.com.mx\/entidades-financieras\/"]}]},{"@type":"ImageObject","inLanguage":"en-US","@id":"https:\/\/argoalmacenadora.com.mx\/entidades-financieras\/#primaryimage","url":"https:\/\/argoalmacenadora.com.mx\/wp-content\/uploads\/2024\/04\/Single-Service.jpg","contentUrl":"https:\/\/argoalmacenadora.com.mx\/wp-content\/uploads\/2024\/04\/Single-Service.jpg","width":400,"height":380},{"@type":"BreadcrumbList","@id":"https:\/\/argoalmacenadora.com.mx\/entidades-financieras\/#breadcrumb","itemListElement":[{"@type":"ListItem","position":1,"name":"Inicio","item":"https:\/\/argoalmacenadora.com.mx\/"},{"@type":"ListItem","position":2,"name":"Bur\u00f3 de Entidades Financieras"}]},{"@type":"WebSite","@id":"https:\/\/argoalmacenadora.com.mx\/#website","url":"https:\/\/argoalmacenadora.com.mx\/","name":"ARGO Almacenadora","description":"AGD | Dep\u00f3sito Fiscal | Servicios 3PL","publisher":{"@id":"https:\/\/argoalmacenadora.com.mx\/#organization"},"potentialAction":[{"@type":"SearchAction","target":{"@type":"EntryPoint","urlTemplate":"https:\/\/argoalmacenadora.com.mx\/?s={search_term_string}"},"query-input":{"@type":"PropertyValueSpecification","valueRequired":true,"valueName":"search_term_string"}}],"inLanguage":"en-US"},{"@type":"Organization","@id":"https:\/\/argoalmacenadora.com.mx\/#organization","name":"ARGO Almacenadora","url":"https:\/\/argoalmacenadora.com.mx\/","logo":{"@type":"ImageObject","inLanguage":"en-US","@id":"https:\/\/argoalmacenadora.com.mx\/#\/schema\/logo\/image\/","url":"https:\/\/argoalmacenadora.com.mx\/wp-content\/uploads\/2024\/04\/Logotipo-SVG-Azul.svg","contentUrl":"https:\/\/argoalmacenadora.com.mx\/wp-content\/uploads\/2024\/04\/Logotipo-SVG-Azul.svg","width":1160,"height":914,"caption":"ARGO Almacenadora"},"image":{"@id":"https:\/\/argoalmacenadora.com.mx\/#\/schema\/logo\/image\/"},"sameAs":["https:\/\/www.facebook.com\/ARGOALMACENADORASADECV","https:\/\/www.linkedin.com\/company\/argo-almacenadora-s.a-de-c.v","https:\/\/www.instagram.com\/argo.almacenadoraa\/"]}]}},"jetpack_sharing_enabled":true,"_links":{"self":[{"href":"https:\/\/argoalmacenadora.com.mx\/en\/wp-json\/wp\/v2\/pages\/1238","targetHints":{"allow":["GET"]}}],"collection":[{"href":"https:\/\/argoalmacenadora.com.mx\/en\/wp-json\/wp\/v2\/pages"}],"about":[{"href":"https:\/\/argoalmacenadora.com.mx\/en\/wp-json\/wp\/v2\/types\/page"}],"author":[{"embeddable":true,"href":"https:\/\/argoalmacenadora.com.mx\/en\/wp-json\/wp\/v2\/users\/2"}],"replies":[{"embeddable":true,"href":"https:\/\/argoalmacenadora.com.mx\/en\/wp-json\/wp\/v2\/comments?post=1238"}],"version-history":[{"count":45,"href":"https:\/\/argoalmacenadora.com.mx\/en\/wp-json\/wp\/v2\/pages\/1238\/revisions"}],"predecessor-version":[{"id":6779,"href":"https:\/\/argoalmacenadora.com.mx\/en\/wp-json\/wp\/v2\/pages\/1238\/revisions\/6779"}],"wp:featuredmedia":[{"embeddable":true,"href":"https:\/\/argoalmacenadora.com.mx\/en\/wp-json\/wp\/v2\/media\/1241"}],"wp:attachment":[{"href":"https:\/\/argoalmacenadora.com.mx\/en\/wp-json\/wp\/v2\/media?parent=1238"}],"curies":[{"name":"wp","href":"https:\/\/api.w.org\/{rel}","templated":true}]}}